{"id":21,"date":"2025-07-17T13:06:50","date_gmt":"2025-07-17T13:06:50","guid":{"rendered":"https:\/\/www.ssv-taufers.it\/?page_id=21"},"modified":"2025-07-17T13:19:25","modified_gmt":"2025-07-17T13:19:25","slug":"transparenz","status":"publish","type":"page","link":"https:\/\/www.ssv-taufers.it\/it\/transparenz\/","title":{"rendered":"Transparenz"},"content":{"rendered":"\n<p>Art. 1 Abs. 125 &#8211; 129 des Gesetzes Nr. 124\/2017 (Jahreswettbewerbsgesetz); abge\u00e4ndert durch das Gesetzesdekret Nr. 34 vom 30.04.2019 und mit \u00c4nderung umgewandelt durch das Gesetz Nr. 58 vom 28. Juni 2019 (Dringende Ma\u00dfnahmen zur F\u00f6rderung des Wirtschaftswachturms und zur Bew\u00e4ltigung spezifischer Krisensituationen), sieht vor, dass Vereine, gemeinn\u00fctzige Organisationen und Stiftungen bis zum 28. Juni eines jeden Jahres, ab dem Jahr 2018, die im Vorjahr erhaltenen \u00f6ffentlichen Beitr\u00e4ge\/Zuwendungen auf ihrer Website ver\u00f6ffentlichen (Beitr\u00e4ge \u00f6ffentlichen Hand oder dieser gleichgestellten K\u00f6rperschaften Subventionen, Unterst\u00fctzungen, wirtschaftliche Verg\u00fcnstigungen, Beitr\u00e4ge oder Beihilfen, in Form von Geldmitteln oder Sachleistungen, die keinen allgemeinen Charakter aufweisen und keine Gegenleistung, Entgelt oder Schadensersatz darstellen).<\/p>\n\n\n\n<div class=\"wp-block-file\"><a id=\"wp-block-file--media-04c9d83e-7b00-415a-b283-71a77116c5df\" href=\"https:\/\/www.ssv-taufers.it\/wp-content\/uploads\/2025\/07\/beitraege2024.pdf\">beitraege2024<\/a><a href=\"https:\/\/www.ssv-taufers.it\/wp-content\/uploads\/2025\/07\/beitraege2024.pdf\" class=\"wp-block-file__button wp-element-button\" download aria-describedby=\"wp-block-file--media-04c9d83e-7b00-415a-b283-71a77116c5df\"><br>Herunterladen<\/a><\/div>\n\n\n\n<p>\u00d6ffentliche zuwendungen<\/p>\n\n\n\n<p><\/p>\n","protected":false},"excerpt":{"rendered":"<p>Art. 1 Abs. 125 &#8211; 129 des Gesetzes Nr. 124\/2017 (Jahreswettbewerbsgesetz); abge\u00e4ndert durch das Gesetzesdekret Nr. 34 vom 30.04.2019 und mit \u00c4nderung [&hellip;]<\/p>\n","protected":false},"author":1,"featured_media":0,"parent":0,"menu_order":0,"comment_status":"closed","ping_status":"closed","template":"","meta":{"ngg_post_thumbnail":0,"footnotes":""},"class_list":["post-21","page","type-page","status-publish","hentry"],"yoast_head":"<!-- This site is optimized with the Yoast SEO plugin v25.5 - https:\/\/yoast.com\/wordpress\/plugins\/seo\/ -->\n<title>Transparenz - SSV Taufers<\/title>\n<meta name=\"robots\" content=\"index, follow, max-snippet:-1, max-image-preview:large, max-video-preview:-1\" \/>\n<link rel=\"canonical\" href=\"https:\/\/www.ssv-taufers.it\/it\/transparenz\/\" \/>\n<meta property=\"og:locale\" content=\"de_DE\" \/>\n<meta property=\"og:locale:alternate\" content=\"de_DE\" \/>\n<meta property=\"og:type\" content=\"article\" \/>\n<meta property=\"og:title\" content=\"Transparenz - SSV Taufers\" \/>\n<meta property=\"og:description\" content=\"Art. 1 Abs. 125 &#8211; 129 des Gesetzes Nr. 124\/2017 (Jahreswettbewerbsgesetz); abge\u00e4ndert durch das Gesetzesdekret Nr. 34 vom 30.04.2019 und mit \u00c4nderung [&hellip;]\" \/>\n<meta property=\"og:url\" content=\"https:\/\/www.ssv-taufers.it\/it\/transparenz\/\" \/>\n<meta property=\"og:site_name\" content=\"SSV Taufers\" \/>\n<meta property=\"article:modified_time\" content=\"2025-07-17T13:19:25+00:00\" \/>\n<meta name=\"twitter:card\" content=\"summary_large_image\" \/>\n<meta name=\"twitter:label1\" content=\"Gesch\u00e4tzte Lesezeit\" \/>\n\t<meta name=\"twitter:data1\" content=\"1\u00a0Minute\" \/>\n<script type=\"application\/ld+json\" class=\"yoast-schema-graph\">{\"@context\":\"https:\/\/schema.org\",\"@graph\":[{\"@type\":\"WebPage\",\"@id\":\"https:\/\/www.ssv-taufers.it\/transparenz\/\",\"url\":\"https:\/\/www.ssv-taufers.it\/transparenz\/\",\"name\":\"Transparenz - SSV Taufers\",\"isPartOf\":{\"@id\":\"https:\/\/www.ssv-taufers.it\/#website\"},\"datePublished\":\"2025-07-17T13:06:50+00:00\",\"dateModified\":\"2025-07-17T13:19:25+00:00\",\"breadcrumb\":{\"@id\":\"https:\/\/www.ssv-taufers.it\/transparenz\/#breadcrumb\"},\"inLanguage\":\"IT\",\"potentialAction\":[{\"@type\":\"ReadAction\",\"target\":[\"https:\/\/www.ssv-taufers.it\/transparenz\/\"]}]},{\"@type\":\"BreadcrumbList\",\"@id\":\"https:\/\/www.ssv-taufers.it\/transparenz\/#breadcrumb\",\"itemListElement\":[{\"@type\":\"ListItem\",\"position\":1,\"name\":\"Startseite\",\"item\":\"https:\/\/www.ssv-taufers.it\/\"},{\"@type\":\"ListItem\",\"position\":2,\"name\":\"Transparenz\"}]},{\"@type\":\"WebSite\",\"@id\":\"https:\/\/www.ssv-taufers.it\/#website\",\"url\":\"https:\/\/www.ssv-taufers.it\/\",\"name\":\"SSV Taufers\",\"description\":\"Amateursportverein\",\"potentialAction\":[{\"@type\":\"SearchAction\",\"target\":{\"@type\":\"EntryPoint\",\"urlTemplate\":\"https:\/\/www.ssv-taufers.it\/?s={search_term_string}\"},\"query-input\":{\"@type\":\"PropertyValueSpecification\",\"valueRequired\":true,\"valueName\":\"search_term_string\"}}],\"inLanguage\":\"IT\"}]}<\/script>\n<!-- \/ Yoast SEO plugin. -->","yoast_head_json":{"title":"Transparenz - SSV Taufers","robots":{"index":"index","follow":"follow","max-snippet":"max-snippet:-1","max-image-preview":"max-image-preview:large","max-video-preview":"max-video-preview:-1"},"canonical":"https:\/\/www.ssv-taufers.it\/it\/transparenz\/","og_locale":"de_DE","og_type":"article","og_title":"Transparenz - SSV Taufers","og_description":"Art. 1 Abs. 125 &#8211; 129 des Gesetzes Nr. 124\/2017 (Jahreswettbewerbsgesetz); abge\u00e4ndert durch das Gesetzesdekret Nr. 34 vom 30.04.2019 und mit \u00c4nderung [&hellip;]","og_url":"https:\/\/www.ssv-taufers.it\/it\/transparenz\/","og_site_name":"SSV Taufers","article_modified_time":"2025-07-17T13:19:25+00:00","twitter_card":"summary_large_image","twitter_misc":{"Gesch\u00e4tzte Lesezeit":"1\u00a0Minute"},"schema":{"@context":"https:\/\/schema.org","@graph":[{"@type":"WebPage","@id":"https:\/\/www.ssv-taufers.it\/transparenz\/","url":"https:\/\/www.ssv-taufers.it\/transparenz\/","name":"Transparenz - SSV Taufers","isPartOf":{"@id":"https:\/\/www.ssv-taufers.it\/#website"},"datePublished":"2025-07-17T13:06:50+00:00","dateModified":"2025-07-17T13:19:25+00:00","breadcrumb":{"@id":"https:\/\/www.ssv-taufers.it\/transparenz\/#breadcrumb"},"inLanguage":"IT","potentialAction":[{"@type":"ReadAction","target":["https:\/\/www.ssv-taufers.it\/transparenz\/"]}]},{"@type":"BreadcrumbList","@id":"https:\/\/www.ssv-taufers.it\/transparenz\/#breadcrumb","itemListElement":[{"@type":"ListItem","position":1,"name":"Startseite","item":"https:\/\/www.ssv-taufers.it\/"},{"@type":"ListItem","position":2,"name":"Transparenz"}]},{"@type":"WebSite","@id":"https:\/\/www.ssv-taufers.it\/#website","url":"https:\/\/www.ssv-taufers.it\/","name":"SSV Taufers","description":"Amateursportverein","potentialAction":[{"@type":"SearchAction","target":{"@type":"EntryPoint","urlTemplate":"https:\/\/www.ssv-taufers.it\/?s={search_term_string}"},"query-input":{"@type":"PropertyValueSpecification","valueRequired":true,"valueName":"search_term_string"}}],"inLanguage":"IT"}]}},"_links":{"self":[{"href":"https:\/\/www.ssv-taufers.it\/it\/wp-json\/wp\/v2\/pages\/21","targetHints":{"allow":["GET"]}}],"collection":[{"href":"https:\/\/www.ssv-taufers.it\/it\/wp-json\/wp\/v2\/pages"}],"about":[{"href":"https:\/\/www.ssv-taufers.it\/it\/wp-json\/wp\/v2\/types\/page"}],"author":[{"embeddable":true,"href":"https:\/\/www.ssv-taufers.it\/it\/wp-json\/wp\/v2\/users\/1"}],"replies":[{"embeddable":true,"href":"https:\/\/www.ssv-taufers.it\/it\/wp-json\/wp\/v2\/comments?post=21"}],"version-history":[{"count":4,"href":"https:\/\/www.ssv-taufers.it\/it\/wp-json\/wp\/v2\/pages\/21\/revisions"}],"predecessor-version":[{"id":45,"href":"https:\/\/www.ssv-taufers.it\/it\/wp-json\/wp\/v2\/pages\/21\/revisions\/45"}],"wp:attachment":[{"href":"https:\/\/www.ssv-taufers.it\/it\/wp-json\/wp\/v2\/media?parent=21"}],"curies":[{"name":"wp","href":"https:\/\/api.w.org\/{rel}","templated":true}]}}