{"id":217,"date":"2025-09-01T11:06:34","date_gmt":"2025-09-01T11:06:34","guid":{"rendered":"https:\/\/www.ssv-taufers.it\/?page_id=217"},"modified":"2025-09-03T09:04:29","modified_gmt":"2025-09-03T09:04:29","slug":"ssv-taufers-burger","status":"publish","type":"page","link":"https:\/\/www.ssv-taufers.it\/it\/ssv-taufers-burger\/","title":{"rendered":"SSV Taufers Burger"},"content":{"rendered":"\n<p>Einen Burger in den Vereinsfarben? Rot und blau? Wie soll das gehen?<\/p>\n\n\n\n<p>Genau so! Die rote Farbe kann man aus dem Rohnesaft gewinnen und das blau kommt vom Schmetterlingserbsentee. Die Farben in gr\u00f6sseren Mengen werden im Lebensmittelbereich industriell hergestellt, aber geschmacklich gibt es da keinen Unterschied zum normalen Burgerbr\u00f6tchen (Bun).<\/p>\n\n\n\n<details class=\"wp-block-details is-layout-flow wp-block-details-is-layout-flow\" open><summary><\/summary>\nngg_shortcode_0_placeholder\n<\/details>\n\n\n\n<p>Zum Nachmachen stellen wir euch hier das Rezept zu Verf\u00fcgung:<\/p>\n\n\n\n<p>Patty (Fleisch) ist bei einem richtigen Burger reines Rindfleisch. Bestellt beim Metzger eine Mischung aus 80% Fleisch und 20% Fett, dann bleibt der Burger saftig bis zum letzten Biss.<\/p>\n\n\n\n<p>Bun:<br>1 Ei<br>10 g Salz<br>30 g Zucker<br>250 ml Milch<br>500 g Weizenmehl Typ \u201e00\u201c<br>100 g Kartoffelp\u00fcree <br>1 W\u00fcrfel Frischhefe<br>50 g Butter, weich<br>Vermische alle Zutaten und knete einen Teig. Lass ihn 1&nbsp;Stunde gehen. 2. Teile den Teig in  10 gleich schwere St\u00fccke \u00e0 90 g und schleife die Teiglinge. Durch das Schleifen erhalten die Teiglinge eine straffe Oberfl\u00e4che und eine runde Form. 3. Dr\u00fccke die Teiglinge vorsichtig flach und lass sie unter einer Folie weitere 30&nbsp;Minuten gehen. 4. Backe die Br\u00f6tchen bei 180 \u00b0C je nach gew\u00fcnschtem Br\u00e4unungsgrad f\u00fcr ca.&nbsp;15\u201320&nbsp;Minuten.<\/p>\n\n\n\n<p>F\u00fcr die Farbe einfach den Teig halbieren und je eine H\u00e4lfte mit roter und blauer vermischen. <\/p>\n\n\n\n<p>Sauce:<br>Im Bild haben wir eine weisse BBQ Sauce gemacht. Als Basis mit Mayonnaise, etwas Liquid Smoke und etwas Gurkenwasser.<\/p>\n\n\n\n<p>Der Aufbau des Burgers ist dann wie folgt:<\/p>\n\n\n\n<figure class=\"wp-block-image size-full\"><img loading=\"lazy\" decoding=\"async\" width=\"586\" height=\"480\" src=\"https:\/\/www.ssv-taufers.it\/wp-content\/uploads\/2025\/09\/Skizze-Small.png\" alt=\"\" class=\"wp-image-219\" srcset=\"https:\/\/www.ssv-taufers.it\/wp-content\/uploads\/2025\/09\/Skizze-Small.png 586w, https:\/\/www.ssv-taufers.it\/wp-content\/uploads\/2025\/09\/Skizze-Small-300x246.png 300w, https:\/\/www.ssv-taufers.it\/wp-content\/uploads\/2025\/09\/Skizze-Small-230x188.png 230w, https:\/\/www.ssv-taufers.it\/wp-content\/uploads\/2025\/09\/Skizze-Small-350x287.png 350w, https:\/\/www.ssv-taufers.it\/wp-content\/uploads\/2025\/09\/Skizze-Small-480x393.png 480w\" sizes=\"auto, (max-width: 586px) 100vw, 586px\" \/><\/figure>\n","protected":false},"excerpt":{"rendered":"<p>Einen Burger in den Vereinsfarben? Rot und blau? Wie soll das gehen? Genau so! Die rote Farbe kann man aus dem Rohnesaft [&hellip;]<\/p>\n","protected":false},"author":1,"featured_media":218,"parent":0,"menu_order":0,"comment_status":"closed","ping_status":"closed","template":"","meta":{"ngg_post_thumbnail":0,"footnotes":""},"class_list":["post-217","page","type-page","status-publish","has-post-thumbnail","hentry"],"yoast_head":"<!-- This site is optimized with the Yoast SEO plugin v25.5 - https:\/\/yoast.com\/wordpress\/plugins\/seo\/ -->\n<title>SSV Taufers Burger - SSV Taufers<\/title>\n<meta name=\"robots\" content=\"index, follow, max-snippet:-1, max-image-preview:large, max-video-preview:-1\" \/>\n<link rel=\"canonical\" href=\"https:\/\/www.ssv-taufers.it\/it\/ssv-taufers-burger\/\" \/>\n<meta property=\"og:locale\" content=\"de_DE\" \/>\n<meta property=\"og:locale:alternate\" content=\"de_DE\" \/>\n<meta property=\"og:type\" content=\"article\" \/>\n<meta property=\"og:title\" content=\"SSV Taufers Burger\" \/>\n<meta property=\"og:description\" content=\"Einen Burger in den Vereinsfarben? Rot und blau? Wie soll das gehen? Genau so! Die rote Farbe kann man aus dem Rohnesaft [&hellip;]\" \/>\n<meta property=\"og:url\" content=\"https:\/\/www.ssv-taufers.it\/it\/ssv-taufers-burger\/\" \/>\n<meta property=\"og:site_name\" content=\"SSV Taufers\" \/>\n<meta property=\"article:modified_time\" content=\"2025-09-03T09:04:29+00:00\" \/>\n<meta property=\"og:image\" content=\"https:\/\/www.ssv-taufers.it\/wp-content\/uploads\/2025\/09\/SSV-Taufers-Burger-03-Large.jpg\" \/>\n\t<meta property=\"og:image:width\" content=\"1620\" \/>\n\t<meta property=\"og:image:height\" content=\"1080\" \/>\n\t<meta property=\"og:image:type\" content=\"image\/jpeg\" \/>\n<meta name=\"twitter:card\" content=\"summary_large_image\" \/>\n<meta name=\"twitter:label1\" content=\"Gesch\u00e4tzte Lesezeit\" \/>\n\t<meta name=\"twitter:data1\" content=\"2\u00a0Minuten\" \/>\n<script type=\"application\/ld+json\" class=\"yoast-schema-graph\">{\"@context\":\"https:\/\/schema.org\",\"@graph\":[{\"@type\":\"WebPage\",\"@id\":\"https:\/\/www.ssv-taufers.it\/ssv-taufers-burger\/\",\"url\":\"https:\/\/www.ssv-taufers.it\/ssv-taufers-burger\/\",\"name\":\"SSV Taufers Burger\",\"isPartOf\":{\"@id\":\"https:\/\/www.ssv-taufers.it\/#website\"},\"primaryImageOfPage\":{\"@id\":\"https:\/\/www.ssv-taufers.it\/ssv-taufers-burger\/#primaryimage\"},\"image\":{\"@id\":\"https:\/\/www.ssv-taufers.it\/ssv-taufers-burger\/#primaryimage\"},\"thumbnailUrl\":\"https:\/\/www.ssv-taufers.it\/wp-content\/uploads\/2025\/09\/SSV-Taufers-Burger-03-Large.jpg\",\"datePublished\":\"2025-09-01T11:06:34+00:00\",\"dateModified\":\"2025-09-03T09:04:29+00:00\",\"breadcrumb\":{\"@id\":\"https:\/\/www.ssv-taufers.it\/ssv-taufers-burger\/#breadcrumb\"},\"inLanguage\":\"IT\",\"potentialAction\":[{\"@type\":\"ReadAction\",\"target\":[\"https:\/\/www.ssv-taufers.it\/ssv-taufers-burger\/\"]}]},{\"@type\":\"ImageObject\",\"inLanguage\":\"IT\",\"@id\":\"https:\/\/www.ssv-taufers.it\/ssv-taufers-burger\/#primaryimage\",\"url\":\"https:\/\/www.ssv-taufers.it\/wp-content\/uploads\/2025\/09\/SSV-Taufers-Burger-03-Large.jpg\",\"contentUrl\":\"https:\/\/www.ssv-taufers.it\/wp-content\/uploads\/2025\/09\/SSV-Taufers-Burger-03-Large.jpg\",\"width\":1620,\"height\":1080},{\"@type\":\"BreadcrumbList\",\"@id\":\"https:\/\/www.ssv-taufers.it\/ssv-taufers-burger\/#breadcrumb\",\"itemListElement\":[{\"@type\":\"ListItem\",\"position\":1,\"name\":\"Startseite\",\"item\":\"https:\/\/www.ssv-taufers.it\/\"},{\"@type\":\"ListItem\",\"position\":2,\"name\":\"SSV Taufers Burger\"}]},{\"@type\":\"WebSite\",\"@id\":\"https:\/\/www.ssv-taufers.it\/#website\",\"url\":\"https:\/\/www.ssv-taufers.it\/\",\"name\":\"SSV Taufers\",\"description\":\"Amateursportverein\",\"potentialAction\":[{\"@type\":\"SearchAction\",\"target\":{\"@type\":\"EntryPoint\",\"urlTemplate\":\"https:\/\/www.ssv-taufers.it\/?s={search_term_string}\"},\"query-input\":{\"@type\":\"PropertyValueSpecification\",\"valueRequired\":true,\"valueName\":\"search_term_string\"}}],\"inLanguage\":\"IT\"}]}<\/script>\n<!-- \/ Yoast SEO plugin. -->","yoast_head_json":{"title":"SSV Taufers Burger - SSV Taufers","robots":{"index":"index","follow":"follow","max-snippet":"max-snippet:-1","max-image-preview":"max-image-preview:large","max-video-preview":"max-video-preview:-1"},"canonical":"https:\/\/www.ssv-taufers.it\/it\/ssv-taufers-burger\/","og_locale":"de_DE","og_type":"article","og_title":"[:de]SSV Taufers Burger[:] - SSV Taufers","og_description":"Einen Burger in den Vereinsfarben? Rot und blau? Wie soll das gehen? Genau so! Die rote Farbe kann man aus dem Rohnesaft [&hellip;]","og_url":"https:\/\/www.ssv-taufers.it\/it\/ssv-taufers-burger\/","og_site_name":"SSV Taufers","article_modified_time":"2025-09-03T09:04:29+00:00","og_image":[{"width":1620,"height":1080,"url":"https:\/\/www.ssv-taufers.it\/wp-content\/uploads\/2025\/09\/SSV-Taufers-Burger-03-Large.jpg","type":"image\/jpeg"}],"twitter_card":"summary_large_image","twitter_misc":{"Gesch\u00e4tzte Lesezeit":"2\u00a0Minuten"},"schema":{"@context":"https:\/\/schema.org","@graph":[{"@type":"WebPage","@id":"https:\/\/www.ssv-taufers.it\/ssv-taufers-burger\/","url":"https:\/\/www.ssv-taufers.it\/ssv-taufers-burger\/","name":"SSV Taufers Burger","isPartOf":{"@id":"https:\/\/www.ssv-taufers.it\/#website"},"primaryImageOfPage":{"@id":"https:\/\/www.ssv-taufers.it\/ssv-taufers-burger\/#primaryimage"},"image":{"@id":"https:\/\/www.ssv-taufers.it\/ssv-taufers-burger\/#primaryimage"},"thumbnailUrl":"https:\/\/www.ssv-taufers.it\/wp-content\/uploads\/2025\/09\/SSV-Taufers-Burger-03-Large.jpg","datePublished":"2025-09-01T11:06:34+00:00","dateModified":"2025-09-03T09:04:29+00:00","breadcrumb":{"@id":"https:\/\/www.ssv-taufers.it\/ssv-taufers-burger\/#breadcrumb"},"inLanguage":"IT","potentialAction":[{"@type":"ReadAction","target":["https:\/\/www.ssv-taufers.it\/ssv-taufers-burger\/"]}]},{"@type":"ImageObject","inLanguage":"IT","@id":"https:\/\/www.ssv-taufers.it\/ssv-taufers-burger\/#primaryimage","url":"https:\/\/www.ssv-taufers.it\/wp-content\/uploads\/2025\/09\/SSV-Taufers-Burger-03-Large.jpg","contentUrl":"https:\/\/www.ssv-taufers.it\/wp-content\/uploads\/2025\/09\/SSV-Taufers-Burger-03-Large.jpg","width":1620,"height":1080},{"@type":"BreadcrumbList","@id":"https:\/\/www.ssv-taufers.it\/ssv-taufers-burger\/#breadcrumb","itemListElement":[{"@type":"ListItem","position":1,"name":"Startseite","item":"https:\/\/www.ssv-taufers.it\/"},{"@type":"ListItem","position":2,"name":"SSV Taufers Burger"}]},{"@type":"WebSite","@id":"https:\/\/www.ssv-taufers.it\/#website","url":"https:\/\/www.ssv-taufers.it\/","name":"SSV Taufers","description":"Amateursportverein","potentialAction":[{"@type":"SearchAction","target":{"@type":"EntryPoint","urlTemplate":"https:\/\/www.ssv-taufers.it\/?s={search_term_string}"},"query-input":{"@type":"PropertyValueSpecification","valueRequired":true,"valueName":"search_term_string"}}],"inLanguage":"IT"}]}},"_links":{"self":[{"href":"https:\/\/www.ssv-taufers.it\/it\/wp-json\/wp\/v2\/pages\/217","targetHints":{"allow":["GET"]}}],"collection":[{"href":"https:\/\/www.ssv-taufers.it\/it\/wp-json\/wp\/v2\/pages"}],"about":[{"href":"https:\/\/www.ssv-taufers.it\/it\/wp-json\/wp\/v2\/types\/page"}],"author":[{"embeddable":true,"href":"https:\/\/www.ssv-taufers.it\/it\/wp-json\/wp\/v2\/users\/1"}],"replies":[{"embeddable":true,"href":"https:\/\/www.ssv-taufers.it\/it\/wp-json\/wp\/v2\/comments?post=217"}],"version-history":[{"count":5,"href":"https:\/\/www.ssv-taufers.it\/it\/wp-json\/wp\/v2\/pages\/217\/revisions"}],"predecessor-version":[{"id":238,"href":"https:\/\/www.ssv-taufers.it\/it\/wp-json\/wp\/v2\/pages\/217\/revisions\/238"}],"wp:featuredmedia":[{"embeddable":true,"href":"https:\/\/www.ssv-taufers.it\/it\/wp-json\/wp\/v2\/media\/218"}],"wp:attachment":[{"href":"https:\/\/www.ssv-taufers.it\/it\/wp-json\/wp\/v2\/media?parent=217"}],"curies":[{"name":"wp","href":"https:\/\/api.w.org\/{rel}","templated":true}]}}