{"id":3,"date":"2025-07-17T12:09:14","date_gmt":"2025-07-17T12:09:14","guid":{"rendered":"https:\/\/www.ssv-taufers.it\/?page_id=3"},"modified":"2025-07-17T12:50:24","modified_gmt":"2025-07-17T12:50:24","slug":"privacy-policy","status":"publish","type":"page","link":"https:\/\/www.ssv-taufers.it\/it\/privacy-policy\/","title":{"rendered":"Privacy Policy"},"content":{"rendered":"\n<h2 class=\"wp-block-heading is-style-default\">Verantwortlicher der Datenverarbeitung:<\/h2>\n\n\n\n<p><br>Der Verantwortliche f\u00fcr die Datenverarbeitung ist der SSV Taufers Amateursportverein, mit Sitz in 39032 Sand in Taufers, Industriestra\u00dfe 21, Steuernummer: 8101240212, E-Mail: info@ssv-taufers.it.<\/p>\n\n\n\n<h2 class=\"wp-block-heading is-style-default\">Zweck, Zielsetzung und Rechtsgrundlage der Datenverarbeitung:<\/h2>\n\n\n\n<p><br>Die Datenverarbeitung wird zur Datenerfassung der Mitglieder des Amateursportvereines f\u00fcr Mitgliederlisten, f\u00fcr statistische Zwecke, zur Meldung in den jeweiligen Fachsportverb\u00e4nden\/Sportf\u00f6rderungsk\u00f6rperschaften, zur Zahlung von Verg\u00fctung und Begleichung von Spesenersatz, zur Anmeldung f\u00fcr sport\u00e4rztliche Visiten, f\u00fcr Sponsoren, sowie f\u00fcr Meldungen hinsichtlich der sportlichen T\u00e4tigkeit und dessen Ausf\u00fchrung, durchgef\u00fchrt, bei welchen der Verein <br>angeschlossen ist, bzw. Gesch\u00e4ftsverbindungen unterh\u00e4lt.<br>Zus\u00e4tzlich erteile ich die Einwilligung, alle fotografischen Ablichtungen und Filmaufnahmen, welche im Sinne der Vereinst\u00e4tigkeit nur f\u00fcr die institutionellen<br>T\u00e4tigkeiten und Zielsetzungen des Vereines, von mir gemacht wurden, bzw. werden, f\u00fcr Dokumentationen und eventuelle Ver\u00f6ffentlichungen in Medien,<br>B\u00fcchern, Datentr\u00e4gern, usw. k\u00f6nnen verwendet werden.<br>Die Datenverbreitung erfolgt zu dem Zweck, den vorstehenden Obliegenheiten nachkommen zu k\u00f6nnen, sowie um den gesetzlichen, steuerrechtlichen,<br>versicherungstechnischen, u.\u00e4. Verpflichtungen vollst\u00e4ndig und korrekt nachzukommen.<\/p>\n\n\n\n<h2 class=\"wp-block-heading\">Verarbeitung besonderer Kategorien personenbezogener Daten:<\/h2>\n\n\n\n<p><br>Der Verantwortliche f\u00fcr die Datenverarbeitung erh\u00e4lt, erfasst und verarbeitet f\u00fcr die vorstehenden Zwecke besondere personenbezogene Daten laut Artikel 9<br>der EU-Verordnung Nr. 679\/2016 des Mitgliedes, aus denen die rassische und ethnische Herkunft, politische Meinungen, religi\u00f6se oder weltanschauliche<br>\u00dcberzeugungen oder die Gewerkschaftsangeh\u00f6rigkeit hervorgehen, sowie genetische Daten, biometrische Daten zur Identifizierung einer nat\u00fcrlichen Person,<br>Gesundheitsdaten oder Daten zum Sexualleben oder der sexuellen Orientierung.<br>Die Verarbeitung der vorgenannten Daten ist erforderlich, damit der Verantwortliche seinem erhaltenen Auftrag und Verpflichtungen korrekt und vollst\u00e4ndig<br>nachkommen kann.<br>Das Mitglied erteilt gem\u00e4\u00df Artikel 9, Abs. 2 a) der EU-Verordnung Nr. 679\/2016 ausdr\u00fccklich sein Einverst\u00e4ndnis zur Verarbeitung der eingangs genannten<br>besonderen personenbezogenen Daten.<\/p>\n\n\n\n<h2 class=\"wp-block-heading\">Empf\u00e4nger der personenbezogenen Daten:<\/h2>\n\n\n\n<p>Die personenbezogenen Daten k\u00f6nnen f\u00fcr die gegenst\u00e4ndliche Zielsetzung sowohl von internen und externen Mitarbeitern, Lieferanten, Fachsportverb\u00e4nden<br>Sportf\u00f6rderungsk\u00f6rperschaft, Schiedsgerichten und Auftragsverarbeitern empfangen werden.<\/p>\n\n\n\n<h2 class=\"wp-block-heading\">Dauer der Speicherung der Daten:<\/h2>\n\n\n\n<p>Die Dauer der Speicherung von Daten erfolgt f\u00fcr den Geltungszeitraum der Mitgliedschaft und \u2013 dar\u00fcber hinaus \u2013 f\u00fcr 10 Jahre.<\/p>\n\n\n\n<h2 class=\"wp-block-heading\">Rechte des Mitgliedes:<\/h2>\n\n\n\n<p>Art. 13, Abs. 2 der EU-Verordnung Nr. 679\/2016 gew\u00e4hrt dem Mitglied die Aus\u00fcbung einer Reihe spezifischer Rechte, darunter:<br>a) Das Recht auf Auskunft seitens des Verantwortlichen, bzw. des eventuellen Verantwortlichen f\u00fcr den Datenschutz, \u00fcber die betreffenden<br>personenbezogenen Daten, sowie auf Berichtigung oder L\u00f6schung oder auf Einschr\u00e4nkung der Verarbeitung oder eines Widerspruchsrechtes gegen die<br>Verarbeitung sowie des Rechts auf Daten\u00fcbertragbarkeit.<br>b) Gem\u00e4\u00df Art. 13, Abs. 2 c) EU-Verordnung Nr. 679\/2016, das Recht, die gem\u00e4\u00df Art. 6, Abs. 1 a) der EU-Verordnung Nr. 679\/2016 gegebene Einwilligung<br>zur Verarbeitung der personenbezogenen Daten und\/oder die gem\u00e4\u00df Art. 9, Abs. 2 a) der EU-Verordnung Nr. 679\/2016 gegebene Einwilligung zur<br>Verarbeitung der besonderen personenbezogenen Daten gem\u00e4\u00df Art. 6 der EU-Verordnung Nr. 679\/2016 jederzeit zu widerrufen, ohne dass die<br>Rechtm\u00e4\u00dfigkeit der aufgrund der Einwilligung bis zum Widerruf erfolgten Verarbeitung ber\u00fchrt wird.<br>c) Das Bestehen eines Beschwerderechts bei einer Aufsichtsbeh\u00f6rde.<br>d) Das Recht vom Verantwortlichen, bzw. dem eventuellen Verantwortlichen f\u00fcr den Datenschutz, eine Best\u00e4tigung dar\u00fcber zu erhalten:<\/p>\n\n\n\n<ul class=\"wp-block-list\">\n<li>ob das Mitglied betreffende personenbezogene Daten verarbeitet werden und f\u00fcr den Fall der Verarbeitung der Daten, das Recht auf Auskunft \u00fcber die<br>jeweiligen personenbezogenen Daten sowie des jeweiligen Verarbeitungszweckes;<\/li>\n\n\n\n<li>die Kategorien personenbezogener Daten, die verarbeitet werden;<\/li>\n\n\n\n<li>die Empf\u00e4nger oder Kategorien von Empf\u00e4ngern, gegen\u00fcber denen die personenbezogenen Daten offengelegt werden;<\/li>\n\n\n\n<li>falls m\u00f6glich, die geplante Dauer der Speicherung der personenbezogenen Daten, oder, falls dies nicht m\u00f6glich ist, die Kriterien f\u00fcr die Festlegung<br>dieser Dauer;<\/li>\n\n\n\n<li>das Bestehen eines Rechts auf Berichtigung oder L\u00f6schung oder auf Einschr\u00e4nkung der Verarbeitung oder eines Widerspruchsrechtes gegen die<br>Verarbeitung sowie des Rechts auf Daten\u00fcbertragbarkeit;<\/li>\n\n\n\n<li>das Bestehen eines Beschwerderechts bei einer Aufsichtsbeh\u00f6rde;<\/li>\n\n\n\n<li>falls die personenbezogenen Daten nicht bei der betroffenen Person erhoben wurden, alle verf\u00fcgbaren Informationen \u00fcber die Herkunft der Daten;<\/li>\n\n\n\n<li>das Bestehen einer automatisierten Entscheidungsfindung einschlie\u00dflich Profiling und diesbez\u00fcgliche Informationen \u00fcber die involvierte Logik sowie<br>die Tragweite und die angestrebten Auswirkungen einer derartigen Verarbeitung f\u00fcr die betroffene Person.<\/li>\n<\/ul>\n\n\n\n<p><\/p>\n\n\n\n<h2 class=\"wp-block-heading\">Bereitstellung der personenbezogenen Daten:<\/h2>\n\n\n\n<p>Die Bereitstellung der personenbezogenen Daten ist f\u00fcr die ordnungsgem\u00e4\u00dfe Ausf\u00fchrung des erhaltenen Auftrages notwendig. Die fehlende und \/oder<br>unvollst\u00e4ndige Mitteilung der Daten bedingt, dass der erhaltene Auftrag nicht, bzw. nicht korrekt und vollumf\u00e4nglich ausgef\u00fchrt werden kann.<\/p>\n","protected":false},"excerpt":{"rendered":"<p>Verantwortlicher der Datenverarbeitung: Der Verantwortliche f\u00fcr die Datenverarbeitung ist der SSV Taufers Amateursportverein, mit Sitz in 39032 Sand in Taufers, Industriestra\u00dfe 21, [&hellip;]<\/p>\n","protected":false},"author":1,"featured_media":0,"parent":0,"menu_order":0,"comment_status":"closed","ping_status":"open","template":"","meta":{"ngg_post_thumbnail":0,"footnotes":""},"class_list":["post-3","page","type-page","status-publish","hentry"],"yoast_head":"<!-- This site is optimized with the Yoast SEO plugin v25.5 - https:\/\/yoast.com\/wordpress\/plugins\/seo\/ -->\n<title>Privacy Policy - SSV Taufers<\/title>\n<meta name=\"robots\" content=\"index, follow, max-snippet:-1, max-image-preview:large, max-video-preview:-1\" \/>\n<link rel=\"canonical\" href=\"https:\/\/www.ssv-taufers.it\/it\/privacy-policy\/\" \/>\n<meta property=\"og:locale\" content=\"de_DE\" \/>\n<meta property=\"og:locale:alternate\" content=\"de_DE\" \/>\n<meta property=\"og:type\" content=\"article\" \/>\n<meta property=\"og:title\" content=\"Privacy Policy - SSV Taufers\" \/>\n<meta property=\"og:description\" content=\"Verantwortlicher der Datenverarbeitung: Der Verantwortliche f\u00fcr die Datenverarbeitung ist der SSV Taufers Amateursportverein, mit Sitz in 39032 Sand in Taufers, Industriestra\u00dfe 21, [&hellip;]\" \/>\n<meta property=\"og:url\" content=\"https:\/\/www.ssv-taufers.it\/it\/privacy-policy\/\" \/>\n<meta property=\"og:site_name\" content=\"SSV Taufers\" \/>\n<meta property=\"article:modified_time\" content=\"2025-07-17T12:50:24+00:00\" \/>\n<meta name=\"twitter:card\" content=\"summary_large_image\" \/>\n<meta name=\"twitter:label1\" content=\"Gesch\u00e4tzte Lesezeit\" \/>\n\t<meta name=\"twitter:data1\" content=\"4\u00a0Minuten\" \/>\n<script type=\"application\/ld+json\" class=\"yoast-schema-graph\">{\"@context\":\"https:\/\/schema.org\",\"@graph\":[{\"@type\":\"WebPage\",\"@id\":\"https:\/\/www.ssv-taufers.it\/privacy-policy\/\",\"url\":\"https:\/\/www.ssv-taufers.it\/privacy-policy\/\",\"name\":\"Privacy Policy - SSV Taufers\",\"isPartOf\":{\"@id\":\"https:\/\/www.ssv-taufers.it\/#website\"},\"datePublished\":\"2025-07-17T12:09:14+00:00\",\"dateModified\":\"2025-07-17T12:50:24+00:00\",\"breadcrumb\":{\"@id\":\"https:\/\/www.ssv-taufers.it\/privacy-policy\/#breadcrumb\"},\"inLanguage\":\"IT\",\"potentialAction\":[{\"@type\":\"ReadAction\",\"target\":[\"https:\/\/www.ssv-taufers.it\/privacy-policy\/\"]}]},{\"@type\":\"BreadcrumbList\",\"@id\":\"https:\/\/www.ssv-taufers.it\/privacy-policy\/#breadcrumb\",\"itemListElement\":[{\"@type\":\"ListItem\",\"position\":1,\"name\":\"Startseite\",\"item\":\"https:\/\/www.ssv-taufers.it\/\"},{\"@type\":\"ListItem\",\"position\":2,\"name\":\"Privacy Policy\"}]},{\"@type\":\"WebSite\",\"@id\":\"https:\/\/www.ssv-taufers.it\/#website\",\"url\":\"https:\/\/www.ssv-taufers.it\/\",\"name\":\"SSV Taufers\",\"description\":\"Amateursportverein\",\"potentialAction\":[{\"@type\":\"SearchAction\",\"target\":{\"@type\":\"EntryPoint\",\"urlTemplate\":\"https:\/\/www.ssv-taufers.it\/?s={search_term_string}\"},\"query-input\":{\"@type\":\"PropertyValueSpecification\",\"valueRequired\":true,\"valueName\":\"search_term_string\"}}],\"inLanguage\":\"IT\"}]}<\/script>\n<!-- \/ Yoast SEO plugin. -->","yoast_head_json":{"title":"Privacy Policy - SSV Taufers","robots":{"index":"index","follow":"follow","max-snippet":"max-snippet:-1","max-image-preview":"max-image-preview:large","max-video-preview":"max-video-preview:-1"},"canonical":"https:\/\/www.ssv-taufers.it\/it\/privacy-policy\/","og_locale":"de_DE","og_type":"article","og_title":"Privacy Policy - SSV Taufers","og_description":"Verantwortlicher der Datenverarbeitung: Der Verantwortliche f\u00fcr die Datenverarbeitung ist der SSV Taufers Amateursportverein, mit Sitz in 39032 Sand in Taufers, Industriestra\u00dfe 21, [&hellip;]","og_url":"https:\/\/www.ssv-taufers.it\/it\/privacy-policy\/","og_site_name":"SSV Taufers","article_modified_time":"2025-07-17T12:50:24+00:00","twitter_card":"summary_large_image","twitter_misc":{"Gesch\u00e4tzte Lesezeit":"4\u00a0Minuten"},"schema":{"@context":"https:\/\/schema.org","@graph":[{"@type":"WebPage","@id":"https:\/\/www.ssv-taufers.it\/privacy-policy\/","url":"https:\/\/www.ssv-taufers.it\/privacy-policy\/","name":"Privacy Policy - SSV Taufers","isPartOf":{"@id":"https:\/\/www.ssv-taufers.it\/#website"},"datePublished":"2025-07-17T12:09:14+00:00","dateModified":"2025-07-17T12:50:24+00:00","breadcrumb":{"@id":"https:\/\/www.ssv-taufers.it\/privacy-policy\/#breadcrumb"},"inLanguage":"IT","potentialAction":[{"@type":"ReadAction","target":["https:\/\/www.ssv-taufers.it\/privacy-policy\/"]}]},{"@type":"BreadcrumbList","@id":"https:\/\/www.ssv-taufers.it\/privacy-policy\/#breadcrumb","itemListElement":[{"@type":"ListItem","position":1,"name":"Startseite","item":"https:\/\/www.ssv-taufers.it\/"},{"@type":"ListItem","position":2,"name":"Privacy Policy"}]},{"@type":"WebSite","@id":"https:\/\/www.ssv-taufers.it\/#website","url":"https:\/\/www.ssv-taufers.it\/","name":"SSV Taufers","description":"Amateursportverein","potentialAction":[{"@type":"SearchAction","target":{"@type":"EntryPoint","urlTemplate":"https:\/\/www.ssv-taufers.it\/?s={search_term_string}"},"query-input":{"@type":"PropertyValueSpecification","valueRequired":true,"valueName":"search_term_string"}}],"inLanguage":"IT"}]}},"_links":{"self":[{"href":"https:\/\/www.ssv-taufers.it\/it\/wp-json\/wp\/v2\/pages\/3","targetHints":{"allow":["GET"]}}],"collection":[{"href":"https:\/\/www.ssv-taufers.it\/it\/wp-json\/wp\/v2\/pages"}],"about":[{"href":"https:\/\/www.ssv-taufers.it\/it\/wp-json\/wp\/v2\/types\/page"}],"author":[{"embeddable":true,"href":"https:\/\/www.ssv-taufers.it\/it\/wp-json\/wp\/v2\/users\/1"}],"replies":[{"embeddable":true,"href":"https:\/\/www.ssv-taufers.it\/it\/wp-json\/wp\/v2\/comments?post=3"}],"version-history":[{"count":1,"href":"https:\/\/www.ssv-taufers.it\/it\/wp-json\/wp\/v2\/pages\/3\/revisions"}],"predecessor-version":[{"id":16,"href":"https:\/\/www.ssv-taufers.it\/it\/wp-json\/wp\/v2\/pages\/3\/revisions\/16"}],"wp:attachment":[{"href":"https:\/\/www.ssv-taufers.it\/it\/wp-json\/wp\/v2\/media?parent=3"}],"curies":[{"name":"wp","href":"https:\/\/api.w.org\/{rel}","templated":true}]}}