{"id":38,"date":"2025-07-17T13:14:01","date_gmt":"2025-07-17T13:14:01","guid":{"rendered":"https:\/\/www.ssv-taufers.it\/?page_id=38"},"modified":"2025-09-01T10:40:14","modified_gmt":"2025-09-01T10:40:14","slug":"der-verein-2","status":"publish","type":"page","link":"https:\/\/www.ssv-taufers.it\/it\/der-verein-2\/","title":{"rendered":"Der Verein"},"content":{"rendered":"\n<p>Der SSV Taufers wurde am 3. J\u00e4nner 1962 im Caf\u00e8 Central in Sand in Taufers gegr\u00fcndet. Damals noch unter dem Namen &#8222;<strong>Sportjugendvereinigung Taufers<\/strong>&#8220; und ab 1964 dann offiziell SSV Taufers. Als Vereinsfarben wurden schon damals rot-blau gew\u00e4hlt und dies hat bis heute Bestand.<\/p>\n\n\n\n<p>Seit dem 04. Juni 2025 gibt es einen neuen Ausschuss, der sich wie folgt zusammensetzt: <\/p>\n\n\n\n<p><strong>Manfred Auer &#8211; Pr\u00e4sident<\/strong><br>Christian Gruber &#8211; Vizepr\u00e4sident<br>Myrko Leitner &#8211; Kassier<br>Florian Mutschlechner &#8211; Schriftf\u00fchrer<br>Maria Plankensteiner<\/p>\n\n\n\n<figure class=\"wp-block-image size-large\"><img loading=\"lazy\" decoding=\"async\" width=\"1024\" height=\"683\" src=\"https:\/\/www.ssv-taufers.it\/wp-content\/uploads\/2025\/09\/Ausschuss-02-Large-1024x683.jpg\" alt=\"\" class=\"wp-image-215\" srcset=\"https:\/\/www.ssv-taufers.it\/wp-content\/uploads\/2025\/09\/Ausschuss-02-Large-1024x683.jpg 1024w, https:\/\/www.ssv-taufers.it\/wp-content\/uploads\/2025\/09\/Ausschuss-02-Large-300x200.jpg 300w, https:\/\/www.ssv-taufers.it\/wp-content\/uploads\/2025\/09\/Ausschuss-02-Large-768x512.jpg 768w, https:\/\/www.ssv-taufers.it\/wp-content\/uploads\/2025\/09\/Ausschuss-02-Large-1536x1024.jpg 1536w, https:\/\/www.ssv-taufers.it\/wp-content\/uploads\/2025\/09\/Ausschuss-02-Large-1000x667.jpg 1000w, https:\/\/www.ssv-taufers.it\/wp-content\/uploads\/2025\/09\/Ausschuss-02-Large-230x153.jpg 230w, https:\/\/www.ssv-taufers.it\/wp-content\/uploads\/2025\/09\/Ausschuss-02-Large-350x233.jpg 350w, https:\/\/www.ssv-taufers.it\/wp-content\/uploads\/2025\/09\/Ausschuss-02-Large-480x320.jpg 480w, https:\/\/www.ssv-taufers.it\/wp-content\/uploads\/2025\/09\/Ausschuss-02-Large.jpg 1620w\" sizes=\"auto, (max-width: 1024px) 100vw, 1024px\" \/><\/figure>\n\n\n\n<p class=\"has-small-font-size\">v.l.n.r.: Myrko Leitner, Maria Plankensteiner, Christian Gruber, Manfred Auer, Florian Mutschlechner<\/p>\n\n\n\n<p><\/p>\n","protected":false},"excerpt":{"rendered":"<p>Der SSV Taufers wurde am 3. J\u00e4nner 1962 im Caf\u00e8 Central in Sand in Taufers gegr\u00fcndet. Damals noch unter dem Namen &#8222;Sportjugendvereinigung [&hellip;]<\/p>\n","protected":false},"author":1,"featured_media":0,"parent":0,"menu_order":0,"comment_status":"closed","ping_status":"closed","template":"","meta":{"ngg_post_thumbnail":0,"footnotes":""},"class_list":["post-38","page","type-page","status-publish","hentry"],"yoast_head":"<!-- This site is optimized with the Yoast SEO plugin v25.5 - https:\/\/yoast.com\/wordpress\/plugins\/seo\/ -->\n<title>Der Verein - SSV Taufers<\/title>\n<meta name=\"robots\" content=\"index, follow, max-snippet:-1, max-image-preview:large, max-video-preview:-1\" \/>\n<link rel=\"canonical\" href=\"https:\/\/www.ssv-taufers.it\/it\/der-verein-2\/\" \/>\n<meta property=\"og:locale\" content=\"de_DE\" \/>\n<meta property=\"og:locale:alternate\" content=\"de_DE\" \/>\n<meta property=\"og:type\" content=\"article\" \/>\n<meta property=\"og:title\" content=\"Der Verein\" \/>\n<meta property=\"og:description\" content=\"Der SSV Taufers wurde am 3. J\u00e4nner 1962 im Caf\u00e8 Central in Sand in Taufers gegr\u00fcndet. Damals noch unter dem Namen &#8222;Sportjugendvereinigung [&hellip;]\" \/>\n<meta property=\"og:url\" content=\"https:\/\/www.ssv-taufers.it\/it\/der-verein-2\/\" \/>\n<meta property=\"og:site_name\" content=\"SSV Taufers\" \/>\n<meta property=\"article:modified_time\" content=\"2025-09-01T10:40:14+00:00\" \/>\n<meta property=\"og:image\" content=\"https:\/\/www.ssv-taufers.it\/wp-content\/uploads\/2025\/09\/Ausschuss-02-Large.jpg\" \/>\n\t<meta property=\"og:image:width\" content=\"1620\" \/>\n\t<meta property=\"og:image:height\" content=\"1080\" \/>\n\t<meta property=\"og:image:type\" content=\"image\/jpeg\" \/>\n<meta name=\"twitter:card\" content=\"summary_large_image\" \/>\n<meta name=\"twitter:label1\" content=\"Gesch\u00e4tzte Lesezeit\" \/>\n\t<meta name=\"twitter:data1\" content=\"1\u00a0Minute\" \/>\n<script type=\"application\/ld+json\" class=\"yoast-schema-graph\">{\"@context\":\"https:\/\/schema.org\",\"@graph\":[{\"@type\":\"WebPage\",\"@id\":\"https:\/\/www.ssv-taufers.it\/der-verein-2\/\",\"url\":\"https:\/\/www.ssv-taufers.it\/der-verein-2\/\",\"name\":\"Der Verein\",\"isPartOf\":{\"@id\":\"https:\/\/www.ssv-taufers.it\/#website\"},\"primaryImageOfPage\":{\"@id\":\"https:\/\/www.ssv-taufers.it\/der-verein-2\/#primaryimage\"},\"image\":{\"@id\":\"https:\/\/www.ssv-taufers.it\/der-verein-2\/#primaryimage\"},\"thumbnailUrl\":\"https:\/\/www.ssv-taufers.it\/wp-content\/uploads\/2025\/09\/Ausschuss-02-Large-1024x683.jpg\",\"datePublished\":\"2025-07-17T13:14:01+00:00\",\"dateModified\":\"2025-09-01T10:40:14+00:00\",\"breadcrumb\":{\"@id\":\"https:\/\/www.ssv-taufers.it\/der-verein-2\/#breadcrumb\"},\"inLanguage\":\"IT\",\"potentialAction\":[{\"@type\":\"ReadAction\",\"target\":[\"https:\/\/www.ssv-taufers.it\/der-verein-2\/\"]}]},{\"@type\":\"ImageObject\",\"inLanguage\":\"IT\",\"@id\":\"https:\/\/www.ssv-taufers.it\/der-verein-2\/#primaryimage\",\"url\":\"https:\/\/www.ssv-taufers.it\/wp-content\/uploads\/2025\/09\/Ausschuss-02-Large-1024x683.jpg\",\"contentUrl\":\"https:\/\/www.ssv-taufers.it\/wp-content\/uploads\/2025\/09\/Ausschuss-02-Large-1024x683.jpg\"},{\"@type\":\"BreadcrumbList\",\"@id\":\"https:\/\/www.ssv-taufers.it\/der-verein-2\/#breadcrumb\",\"itemListElement\":[{\"@type\":\"ListItem\",\"position\":1,\"name\":\"Startseite\",\"item\":\"https:\/\/www.ssv-taufers.it\/\"},{\"@type\":\"ListItem\",\"position\":2,\"name\":\"Der Verein\"}]},{\"@type\":\"WebSite\",\"@id\":\"https:\/\/www.ssv-taufers.it\/#website\",\"url\":\"https:\/\/www.ssv-taufers.it\/\",\"name\":\"SSV Taufers\",\"description\":\"Amateursportverein\",\"potentialAction\":[{\"@type\":\"SearchAction\",\"target\":{\"@type\":\"EntryPoint\",\"urlTemplate\":\"https:\/\/www.ssv-taufers.it\/?s={search_term_string}\"},\"query-input\":{\"@type\":\"PropertyValueSpecification\",\"valueRequired\":true,\"valueName\":\"search_term_string\"}}],\"inLanguage\":\"IT\"}]}<\/script>\n<!-- \/ Yoast SEO plugin. -->","yoast_head_json":{"title":"Der Verein - SSV Taufers","robots":{"index":"index","follow":"follow","max-snippet":"max-snippet:-1","max-image-preview":"max-image-preview:large","max-video-preview":"max-video-preview:-1"},"canonical":"https:\/\/www.ssv-taufers.it\/it\/der-verein-2\/","og_locale":"de_DE","og_type":"article","og_title":"[:de]Der Verein[:] - SSV Taufers","og_description":"Der SSV Taufers wurde am 3. J\u00e4nner 1962 im Caf\u00e8 Central in Sand in Taufers gegr\u00fcndet. Damals noch unter dem Namen &#8222;Sportjugendvereinigung [&hellip;]","og_url":"https:\/\/www.ssv-taufers.it\/it\/der-verein-2\/","og_site_name":"SSV Taufers","article_modified_time":"2025-09-01T10:40:14+00:00","og_image":[{"width":1620,"height":1080,"url":"https:\/\/www.ssv-taufers.it\/wp-content\/uploads\/2025\/09\/Ausschuss-02-Large.jpg","type":"image\/jpeg"}],"twitter_card":"summary_large_image","twitter_misc":{"Gesch\u00e4tzte Lesezeit":"1\u00a0Minute"},"schema":{"@context":"https:\/\/schema.org","@graph":[{"@type":"WebPage","@id":"https:\/\/www.ssv-taufers.it\/der-verein-2\/","url":"https:\/\/www.ssv-taufers.it\/der-verein-2\/","name":"Der Verein","isPartOf":{"@id":"https:\/\/www.ssv-taufers.it\/#website"},"primaryImageOfPage":{"@id":"https:\/\/www.ssv-taufers.it\/der-verein-2\/#primaryimage"},"image":{"@id":"https:\/\/www.ssv-taufers.it\/der-verein-2\/#primaryimage"},"thumbnailUrl":"https:\/\/www.ssv-taufers.it\/wp-content\/uploads\/2025\/09\/Ausschuss-02-Large-1024x683.jpg","datePublished":"2025-07-17T13:14:01+00:00","dateModified":"2025-09-01T10:40:14+00:00","breadcrumb":{"@id":"https:\/\/www.ssv-taufers.it\/der-verein-2\/#breadcrumb"},"inLanguage":"IT","potentialAction":[{"@type":"ReadAction","target":["https:\/\/www.ssv-taufers.it\/der-verein-2\/"]}]},{"@type":"ImageObject","inLanguage":"IT","@id":"https:\/\/www.ssv-taufers.it\/der-verein-2\/#primaryimage","url":"https:\/\/www.ssv-taufers.it\/wp-content\/uploads\/2025\/09\/Ausschuss-02-Large-1024x683.jpg","contentUrl":"https:\/\/www.ssv-taufers.it\/wp-content\/uploads\/2025\/09\/Ausschuss-02-Large-1024x683.jpg"},{"@type":"BreadcrumbList","@id":"https:\/\/www.ssv-taufers.it\/der-verein-2\/#breadcrumb","itemListElement":[{"@type":"ListItem","position":1,"name":"Startseite","item":"https:\/\/www.ssv-taufers.it\/"},{"@type":"ListItem","position":2,"name":"Der Verein"}]},{"@type":"WebSite","@id":"https:\/\/www.ssv-taufers.it\/#website","url":"https:\/\/www.ssv-taufers.it\/","name":"SSV Taufers","description":"Amateursportverein","potentialAction":[{"@type":"SearchAction","target":{"@type":"EntryPoint","urlTemplate":"https:\/\/www.ssv-taufers.it\/?s={search_term_string}"},"query-input":{"@type":"PropertyValueSpecification","valueRequired":true,"valueName":"search_term_string"}}],"inLanguage":"IT"}]}},"_links":{"self":[{"href":"https:\/\/www.ssv-taufers.it\/it\/wp-json\/wp\/v2\/pages\/38","targetHints":{"allow":["GET"]}}],"collection":[{"href":"https:\/\/www.ssv-taufers.it\/it\/wp-json\/wp\/v2\/pages"}],"about":[{"href":"https:\/\/www.ssv-taufers.it\/it\/wp-json\/wp\/v2\/types\/page"}],"author":[{"embeddable":true,"href":"https:\/\/www.ssv-taufers.it\/it\/wp-json\/wp\/v2\/users\/1"}],"replies":[{"embeddable":true,"href":"https:\/\/www.ssv-taufers.it\/it\/wp-json\/wp\/v2\/comments?post=38"}],"version-history":[{"count":5,"href":"https:\/\/www.ssv-taufers.it\/it\/wp-json\/wp\/v2\/pages\/38\/revisions"}],"predecessor-version":[{"id":216,"href":"https:\/\/www.ssv-taufers.it\/it\/wp-json\/wp\/v2\/pages\/38\/revisions\/216"}],"wp:attachment":[{"href":"https:\/\/www.ssv-taufers.it\/it\/wp-json\/wp\/v2\/media?parent=38"}],"curies":[{"name":"wp","href":"https:\/\/api.w.org\/{rel}","templated":true}]}}